{"id":3,"date":"2024-04-14T10:35:20","date_gmt":"2024-04-14T10:35:20","guid":{"rendered":"https:\/\/predio.cv\/?page_id=3"},"modified":"2024-04-23T15:12:58","modified_gmt":"2024-04-23T16:12:58","slug":"politica-e-privacidade","status":"publish","type":"page","link":"https:\/\/predio.cv\/index.php\/politica-e-privacidade\/","title":{"rendered":"Politica e Privacidade"},"content":{"rendered":"\r\n<p>A Pol\u00edtica de Privacidade destina-se a esta plataforma, mas n\u00e3o necessariamente a outros sites da World Wide Web. Por favor leia a pol\u00edtica de privacidade aplic\u00e1vel \u00e0 plataforma que est\u00e1 a visitar, se n\u00e3o concordar com a Pol\u00edtica de Privacidade da mesma, por favor n\u00e3o a utilize, portanto, se aceder a esta plataforma e o utilizar, tal significa que aceita os termos desta.<\/p>\r\n\r\n\r\n\r\n<h2 class=\"wp-block-heading\">Dados Impessoais<\/h2>\r\n\r\n\r\n\r\n<p>Pr\u00e9dio est\u00e1 empenhado na prote\u00e7\u00e3o da privacidade dos visitantes da sua Loja na Web.<\/p>\r\n\r\n\r\n\r\n<h2 class=\"wp-block-heading\">Dados Pessoais<\/h2>\r\n\r\n\r\n\r\n<p>Pr\u00e9dio tem uma atitude transparente em rela\u00e7\u00e3o ao tratamento e finalidades da recolha dos dados pessoais dos seus membro, por isso, explicita aqui os termos em que procedem o tratamento de dados pessoais dos utilizadores da sua plataforma, bem como os direitos que podem exercer, no \u00e2mbito do disposto no Regime Jur\u00eddico Geral de Prote\u00e7\u00e3o de Dados Pessoais a Pessoas Singulares, aprovado pela Lei n\u00ba 133\/V\/2001 de 22 de Janeiro e restante legisla\u00e7\u00e3o nacional aplic\u00e1vel em mat\u00e9ria de privacidade e prote\u00e7\u00e3o de dados.<br \/><br \/>Os dados pessoais recolhidos podem ser utilizados para contactar o usu\u00e1rio via correio electr\u00f3nico para o ajudar na sua jornada pela plataforma atrav\u00e9s do departamento de Apoio ao Cliente. Pode ser necess\u00e1rio o contacto para informar sobre como efetuar pagamentos, sobre novos produtos e servi\u00e7os ou eventualmente, outras informa\u00e7\u00f5es que possamos fornecer ou requerer aos nossos clientes.<\/p>\r\n\r\n\r\n\r\n<p>&nbsp;<\/p>","protected":false},"excerpt":{"rendered":"<p>A Pol\u00edtica de Privacidade destina-se a esta plataforma, mas n\u00e3o necessariamente a outros sites da World Wide Web. Por favor leia a pol\u00edtica de privacidade aplic\u00e1vel \u00e0 plataforma que est\u00e1 a visitar, se n\u00e3o concordar com a Pol\u00edtica de Privacidade da mesma, por favor n\u00e3o a utilize, portanto, se aceder a esta plataforma e o [&hellip;]<\/p>\n","protected":false},"author":1,"featured_media":0,"parent":0,"menu_order":0,"comment_status":"closed","ping_status":"closed","template":"","meta":{"_monsterinsights_skip_tracking":false,"_monsterinsights_sitenote_active":false,"_monsterinsights_sitenote_note":"","_monsterinsights_sitenote_category":0,"footnotes":""},"wpcf_dashboard":"<div class=\"woocommerce\"><div class=\"woocommerce-info\">Please log in first? <a class=\"wpneoShowLogin\" href=\"#\">Click here to login<\/a><\/div><div class=\"wpneo_login_form_div\" style=\"display: none;\"><form name=\"loginform\" id=\"loginform\" action=\"https:\/\/predio.cv\/wp-login.php\" method=\"post\"><p class=\"login-username\">\n\t\t\t\t<label for=\"user_login\">Nome de utilizador ou endere\u00e7o de email<\/label>\n\t\t\t\t<input type=\"text\" name=\"log\" id=\"user_login\" autocomplete=\"username\" class=\"input\" value=\"\" size=\"20\" \/>\n\t\t\t<\/p><p class=\"login-password\">\n\t\t\t\t<label for=\"user_pass\">Senha<\/label>\n\t\t\t\t<input type=\"password\" name=\"pwd\" id=\"user_pass\" autocomplete=\"current-password\" spellcheck=\"false\" class=\"input\" value=\"\" size=\"20\" \/>\n\t\t\t<\/p><p class=\"login-remember\"><label><input name=\"rememberme\" type=\"checkbox\" id=\"rememberme\" value=\"forever\" \/> Manter sess\u00e3o<\/label><\/p><p class=\"login-submit\">\n\t\t\t\t<input type=\"submit\" name=\"wp-submit\" id=\"wp-submit\" class=\"button button-primary\" value=\"Iniciar sess\u00e3o\" \/>\n\t\t\t\t<input type=\"hidden\" name=\"redirect_to\" value=\"https:\/\/predio.cv\/index.php\/wp-json\/wp\/v2\/pages\/3\" \/>\n\t\t\t<\/p><\/form><\/div><\/div>","_links":{"self":[{"href":"https:\/\/predio.cv\/index.php\/wp-json\/wp\/v2\/pages\/3"}],"collection":[{"href":"https:\/\/predio.cv\/index.php\/wp-json\/wp\/v2\/pages"}],"about":[{"href":"https:\/\/predio.cv\/index.php\/wp-json\/wp\/v2\/types\/page"}],"author":[{"embeddable":true,"href":"https:\/\/predio.cv\/index.php\/wp-json\/wp\/v2\/users\/1"}],"replies":[{"embeddable":true,"href":"https:\/\/predio.cv\/index.php\/wp-json\/wp\/v2\/comments?post=3"}],"version-history":[{"count":3,"href":"https:\/\/predio.cv\/index.php\/wp-json\/wp\/v2\/pages\/3\/revisions"}],"predecessor-version":[{"id":6261,"href":"https:\/\/predio.cv\/index.php\/wp-json\/wp\/v2\/pages\/3\/revisions\/6261"}],"wp:attachment":[{"href":"https:\/\/predio.cv\/index.php\/wp-json\/wp\/v2\/media?parent=3"}],"curies":[{"name":"wp","href":"https:\/\/api.w.org\/{rel}","templated":true}]}}