{"id":5832,"date":"2022-10-20T09:06:46","date_gmt":"2022-10-20T09:06:46","guid":{"rendered":"https:\/\/demo.ovatheme.com\/spoclub\/?page_id=31"},"modified":"2024-05-01T20:19:24","modified_gmt":"2024-05-01T21:19:24","slug":"sobre-o-clube","status":"publish","type":"page","link":"https:\/\/predio.cv\/index.php\/sobre-o-clube\/","title":{"rendered":"Sobre o Clube"},"content":{"rendered":"\t\t<div data-elementor-type=\"wp-page\" data-elementor-id=\"5832\" class=\"elementor elementor-5832\" data-elementor-post-type=\"page\">\n\t\t\t\t\t\t<section class=\"elementor-section elementor-top-section elementor-element elementor-element-9b2c435 elementor-section-full_width elementor-section-height-default elementor-section-height-default\" data-id=\"9b2c435\" data-element_type=\"section\">\n\t\t\t\t\t\t\t<div class=\"elementor-background-overlay\"><\/div>\n\t\t\t\t\t\t\t<div class=\"elementor-container elementor-column-gap-no\">\n\t\t\t\t\t<div class=\"elementor-column elementor-col-100 elementor-top-column elementor-element elementor-element-e25ced8\" data-id=\"e25ced8\" data-element_type=\"column\">\n\t\t\t<div class=\"elementor-widget-wrap elementor-element-populated\">\n\t\t\t\t\t\t<div class=\"elementor-element elementor-element-529afa9 elementor-widget elementor-widget-spoclub_elementor_header_banner\" data-id=\"529afa9\" data-element_type=\"widget\" data-widget_type=\"spoclub_elementor_header_banner.default\">\n\t\t\t\t<div class=\"elementor-widget-container\">\n\t\t\t\t\t \t<!-- Display when you choose background per Post -->\r\n\t\t \t<div class=\"wrap_header_banner bg_feature_img center \" style=\"background: url(  )\"  >\r\n\r\n\t\t \t\t<div class=\"row_site\"><div class=\"container_site\">\t\t\t \t\r\n\t\t\t\t \t<div class=\"cover_color\"><\/div>\r\n\r\n\t\t\t\t\t<div class=\"header_banner_el \">\r\n\t\t\t\t\t\t\r\n\t\t\t\t\t\t\t\t\t\t\t\t\t\r\n\t\t\t\t\t\t\t\r\n\t\t\t\t\t\t\t\t\t\t\t\t\t\t<h1 class=\" header_title\">\r\n\t\t\t\t\t\t\t\t\t\t\t\t\t\t\t<\/h1>\r\n\t\t\t\t\t\t\t\t\r\n\t\t\t\t\t\t\r\n\r\n\t\t\t\t\t\t\t\t\t\t\t\t\t<div class=\"header_breadcrumbs\">\r\n\t\t\t\t\t\t\t\t<div id=\"breadcrumbs\"><ul class=\"breadcrumb\"><li><a href=\"https:\/\/predio.cv\/\" title=\"Home\">Home<\/a><\/li> <li class=\"li_separator\"><span class=\"separator\"><i class=\"ovaicon-next\"><\/i><\/span><\/li><li>P\u00e1gina<\/li><\/ul><\/div>\t\t\t\t\t\t\t<\/div>\r\n\t\t\t\t\t\t\r\n\t\t\t\t\t<\/div>\r\n\r\n\t\t\t\t <\/div><\/div> \r\n\t\t\t<\/div>\r\n\t\t\t\t<\/div>\n\t\t\t\t<\/div>\n\t\t\t\t\t<\/div>\n\t\t<\/div>\n\t\t\t\t\t<\/div>\n\t\t<\/section>\n\t\t\t\t<section class=\"elementor-section elementor-top-section elementor-element elementor-element-461a705 elementor-section-boxed elementor-section-height-default elementor-section-height-default\" data-id=\"461a705\" data-element_type=\"section\" data-settings=\"{&quot;background_background&quot;:&quot;classic&quot;}\">\n\t\t\t\t\t\t<div class=\"elementor-container elementor-column-gap-no\">\n\t\t\t\t\t<div class=\"elementor-column elementor-col-50 elementor-top-column elementor-element elementor-element-470f814 elementor-hidden-tablet elementor-hidden-mobile\" data-id=\"470f814\" data-element_type=\"column\" data-settings=\"{&quot;background_background&quot;:&quot;classic&quot;}\">\n\t\t\t<div class=\"elementor-widget-wrap elementor-element-populated\">\n\t\t\t\t\t\t<div class=\"elementor-element elementor-element-7d98016 elementor-widget elementor-widget-image\" data-id=\"7d98016\" data-element_type=\"widget\" data-widget_type=\"image.default\">\n\t\t\t\t<div class=\"elementor-widget-container\">\n\t\t\t<style>\/*! elementor - v3.20.0 - 10-04-2024 *\/\n.elementor-widget-image{text-align:center}.elementor-widget-image a{display:inline-block}.elementor-widget-image a img[src$=\".svg\"]{width:48px}.elementor-widget-image img{vertical-align:middle;display:inline-block}<\/style>\t\t\t\t\t\t\t\t\t\t<img fetchpriority=\"high\" decoding=\"async\" width=\"683\" height=\"1024\" src=\"https:\/\/predio.cv\/wp-content\/uploads\/2024\/04\/FB_IMG_1700740747882-1.jpg\" class=\"attachment-large size-large wp-image-6092\" alt=\"\" srcset=\"https:\/\/predio.cv\/wp-content\/uploads\/2024\/04\/FB_IMG_1700740747882-1.jpg 683w, https:\/\/predio.cv\/wp-content\/uploads\/2024\/04\/FB_IMG_1700740747882-1-200x300.jpg 200w, https:\/\/predio.cv\/wp-content\/uploads\/2024\/04\/FB_IMG_1700740747882-1-85x128.jpg 85w, https:\/\/predio.cv\/wp-content\/uploads\/2024\/04\/FB_IMG_1700740747882-1-21x32.jpg 21w, https:\/\/predio.cv\/wp-content\/uploads\/2024\/04\/FB_IMG_1700740747882-1-360x540.jpg 360w, https:\/\/predio.cv\/wp-content\/uploads\/2024\/04\/FB_IMG_1700740747882-1-640x960.jpg 640w\" sizes=\"(max-width: 683px) 100vw, 683px\" \/>\t\t\t\t\t\t\t\t\t\t\t\t\t<\/div>\n\t\t\t\t<\/div>\n\t\t\t\t\t<\/div>\n\t\t<\/div>\n\t\t\t\t<div class=\"elementor-column elementor-col-50 elementor-top-column elementor-element elementor-element-5eb17a8\" data-id=\"5eb17a8\" data-element_type=\"column\">\n\t\t\t<div class=\"elementor-widget-wrap elementor-element-populated\">\n\t\t\t\t\t\t<div class=\"elementor-element elementor-element-54471e6 elementor-widget elementor-widget-spoclub_elementor_heading\" data-id=\"54471e6\" data-element_type=\"widget\" data-widget_type=\"spoclub_elementor_heading.default\">\n\t\t\t\t<div class=\"elementor-widget-container\">\n\t\t\t\r\n\t\t<div class=\"ova-title\">\r\n\r\n\t\t\t\t\t\t\t\r\n\t\t\t\t<h3 class=\"sub-title\">nosso clube<\/h3>\r\n\t\t\t\r\n\t\t\t\r\n\t\t\t\r\n\t\t\t\t\t\r\n\t\t\t\t\t\t\t<h2 class=\"title\">Bem Vindo a Associa\u00e7\u00e3o Desportiva Recreativa e Cultural - PR\u00c9DIO<\/h2>\r\n\r\n\t\t\t\t\t\r\n\t\t\t\r\n\t\t\t\t\t\t\t<div class=\"line-box\">\r\n\t\t\t\t\t<div class=\"line-top\"><\/div>\r\n\t\t\t\t<\/div>\r\n\t\t\t\t\r\n\t\t\t\r\n\t\t<\/div>\r\n\r\n\t\t\t\t<\/div>\n\t\t\t\t<\/div>\n\t\t\t\t<div class=\"elementor-element elementor-element-1f3f682 elementor-widget elementor-widget-text-editor\" data-id=\"1f3f682\" data-element_type=\"widget\" data-widget_type=\"text-editor.default\">\n\t\t\t\t<div class=\"elementor-widget-container\">\n\t\t\t<style>\/*! elementor - v3.20.0 - 10-04-2024 *\/\n.elementor-widget-text-editor.elementor-drop-cap-view-stacked .elementor-drop-cap{background-color:#69727d;color:#fff}.elementor-widget-text-editor.elementor-drop-cap-view-framed .elementor-drop-cap{color:#69727d;border:3px solid;background-color:transparent}.elementor-widget-text-editor:not(.elementor-drop-cap-view-default) .elementor-drop-cap{margin-top:8px}.elementor-widget-text-editor:not(.elementor-drop-cap-view-default) .elementor-drop-cap-letter{width:1em;height:1em}.elementor-widget-text-editor .elementor-drop-cap{float:left;text-align:center;line-height:1;font-size:50px}.elementor-widget-text-editor .elementor-drop-cap-letter{display:inline-block}<\/style>\t\t\t\t<p>\u00a0A Associa\u00e7\u00e3o Desportiva Recreativa e Cultural PR\u00c9DIO foi fundada a 22 de Dezembro de 1980, por dois jovens, na localidade com o mesmo nome, situada na Achada de Santo Ant\u00f3nio, maior bairro da cidade da Praia.<br \/>Da equipa de futebol juvenil, ent\u00e3o criada, rapidamente se abra\u00e7ou outras modalidades, numa traject\u00f3ria a todos os n\u00edveis not\u00e1vel, a ponto de, uma d\u00e9cada depois, o Pr\u00e9dio se ter assumido como uma das maiores for\u00e7as desportivas do Pa\u00eds com a conquista de diversos t\u00edtulos regionais e nacionais nas modalidades de futebol, basquetebol e andebol nos diferentes escal\u00f5es et\u00e1rios, em masculino e feminino.<br \/>O sucesso repentino alcan\u00e7ado e as exig\u00eancias advenientes \u00e0 participa\u00e7\u00e3o nas provas oficiais, principalmente nos campeonatos de seniores, acabariam por causar alguma instabilidade no crescimento sustentado do clube, situa\u00e7\u00e3o que viria a ser ultrapassada a partir do in\u00edcio do novo mil\u00e9nio com a recentragem e a aposta na forma\u00e7\u00e3o e inicia\u00e7\u00e3o desportivas como eixos estrat\u00e9gicos da sua pol\u00edtica desportiva.<\/p>\t\t\t\t\t\t<\/div>\n\t\t\t\t<\/div>\n\t\t\t\t<section class=\"elementor-section elementor-inner-section elementor-element elementor-element-77f5f59 elementor-section-full_width elementor-section-height-default elementor-section-height-default\" data-id=\"77f5f59\" data-element_type=\"section\">\n\t\t\t\t\t\t<div class=\"elementor-container elementor-column-gap-no\">\n\t\t\t\t\t<div class=\"elementor-column elementor-col-50 elementor-inner-column elementor-element elementor-element-30972b8\" data-id=\"30972b8\" data-element_type=\"column\">\n\t\t\t<div class=\"elementor-widget-wrap elementor-element-populated\">\n\t\t\t\t\t\t<div class=\"elementor-element elementor-element-33c06c6 elementor-widget elementor-widget-image\" data-id=\"33c06c6\" data-element_type=\"widget\" data-widget_type=\"image.default\">\n\t\t\t\t<div class=\"elementor-widget-container\">\n\t\t\t\t\t\t\t\t\t\t\t\t\t<img decoding=\"async\" width=\"800\" height=\"534\" src=\"https:\/\/predio.cv\/wp-content\/uploads\/2024\/04\/DSC0069.jpg\" class=\"attachment-large size-large wp-image-6085\" alt=\"\" srcset=\"https:\/\/predio.cv\/wp-content\/uploads\/2024\/04\/DSC0069.jpg 800w, https:\/\/predio.cv\/wp-content\/uploads\/2024\/04\/DSC0069-300x200.jpg 300w, https:\/\/predio.cv\/wp-content\/uploads\/2024\/04\/DSC0069-768x513.jpg 768w, https:\/\/predio.cv\/wp-content\/uploads\/2024\/04\/DSC0069-128x85.jpg 128w, https:\/\/predio.cv\/wp-content\/uploads\/2024\/04\/DSC0069-32x21.jpg 32w, https:\/\/predio.cv\/wp-content\/uploads\/2024\/04\/DSC0069-360x240.jpg 360w, https:\/\/predio.cv\/wp-content\/uploads\/2024\/04\/DSC0069-640x427.jpg 640w\" sizes=\"(max-width: 800px) 100vw, 800px\" \/>\t\t\t\t\t\t\t\t\t\t\t\t\t<\/div>\n\t\t\t\t<\/div>\n\t\t\t\t\t<\/div>\n\t\t<\/div>\n\t\t\t\t<div class=\"elementor-column elementor-col-50 elementor-inner-column elementor-element elementor-element-2bdd4e8\" data-id=\"2bdd4e8\" data-element_type=\"column\">\n\t\t\t<div class=\"elementor-widget-wrap elementor-element-populated\">\n\t\t\t\t\t\t<div class=\"elementor-element elementor-element-6c91629 elementor-widget elementor-widget-image\" data-id=\"6c91629\" data-element_type=\"widget\" data-widget_type=\"image.default\">\n\t\t\t\t<div class=\"elementor-widget-container\">\n\t\t\t\t\t\t\t\t\t\t\t\t\t<img decoding=\"async\" width=\"800\" height=\"450\" src=\"https:\/\/predio.cv\/wp-content\/uploads\/2024\/04\/image-02b215f06f601c3e039453186cb7d7c2dbf18de13966300c825528a5e965f2a8-V-1024x576.jpg\" class=\"attachment-large size-large wp-image-6100\" alt=\"\" srcset=\"https:\/\/predio.cv\/wp-content\/uploads\/2024\/04\/image-02b215f06f601c3e039453186cb7d7c2dbf18de13966300c825528a5e965f2a8-V-1024x576.jpg 1024w, https:\/\/predio.cv\/wp-content\/uploads\/2024\/04\/image-02b215f06f601c3e039453186cb7d7c2dbf18de13966300c825528a5e965f2a8-V-300x169.jpg 300w, https:\/\/predio.cv\/wp-content\/uploads\/2024\/04\/image-02b215f06f601c3e039453186cb7d7c2dbf18de13966300c825528a5e965f2a8-V-768x432.jpg 768w, https:\/\/predio.cv\/wp-content\/uploads\/2024\/04\/image-02b215f06f601c3e039453186cb7d7c2dbf18de13966300c825528a5e965f2a8-V-128x72.jpg 128w, https:\/\/predio.cv\/wp-content\/uploads\/2024\/04\/image-02b215f06f601c3e039453186cb7d7c2dbf18de13966300c825528a5e965f2a8-V-32x18.jpg 32w, https:\/\/predio.cv\/wp-content\/uploads\/2024\/04\/image-02b215f06f601c3e039453186cb7d7c2dbf18de13966300c825528a5e965f2a8-V-360x203.jpg 360w, https:\/\/predio.cv\/wp-content\/uploads\/2024\/04\/image-02b215f06f601c3e039453186cb7d7c2dbf18de13966300c825528a5e965f2a8-V-640x360.jpg 640w, https:\/\/predio.cv\/wp-content\/uploads\/2024\/04\/image-02b215f06f601c3e039453186cb7d7c2dbf18de13966300c825528a5e965f2a8-V.jpg 1280w\" sizes=\"(max-width: 800px) 100vw, 800px\" \/>\t\t\t\t\t\t\t\t\t\t\t\t\t<\/div>\n\t\t\t\t<\/div>\n\t\t\t\t\t<\/div>\n\t\t<\/div>\n\t\t\t\t\t<\/div>\n\t\t<\/section>\n\t\t\t\t\t<\/div>\n\t\t<\/div>\n\t\t\t\t\t<\/div>\n\t\t<\/section>\n\t\t\t\t<\/div>\n\t\t","protected":false},"excerpt":{"rendered":"<p>Home P\u00e1gina nosso clube Bem Vindo a Associa\u00e7\u00e3o Desportiva Recreativa e Cultural &#8211; PR\u00c9DIO \u00a0A Associa\u00e7\u00e3o Desportiva Recreativa e Cultural PR\u00c9DIO foi fundada a 22 de Dezembro de 1980, por dois jovens, na localidade com o mesmo nome, situada na Achada de Santo Ant\u00f3nio, maior bairro da cidade da Praia.Da equipa de futebol juvenil, ent\u00e3o [&hellip;]<\/p>\n","protected":false},"author":1,"featured_media":0,"parent":0,"menu_order":0,"comment_status":"closed","ping_status":"closed","template":"elementor_header_footer","meta":{"_monsterinsights_skip_tracking":false,"_monsterinsights_sitenote_active":false,"_monsterinsights_sitenote_note":"","_monsterinsights_sitenote_category":0,"footnotes":""},"wpcf_dashboard":"<div class=\"woocommerce\"><div class=\"woocommerce-info\">Please log in first? <a class=\"wpneoShowLogin\" href=\"#\">Click here to login<\/a><\/div><div class=\"wpneo_login_form_div\" style=\"display: none;\"><form name=\"loginform\" id=\"loginform\" action=\"https:\/\/predio.cv\/wp-login.php\" method=\"post\"><p class=\"login-username\">\n\t\t\t\t<label for=\"user_login\">Nome de utilizador ou endere\u00e7o de email<\/label>\n\t\t\t\t<input type=\"text\" name=\"log\" id=\"user_login\" autocomplete=\"username\" class=\"input\" value=\"\" size=\"20\" \/>\n\t\t\t<\/p><p class=\"login-password\">\n\t\t\t\t<label for=\"user_pass\">Senha<\/label>\n\t\t\t\t<input type=\"password\" name=\"pwd\" id=\"user_pass\" autocomplete=\"current-password\" spellcheck=\"false\" class=\"input\" value=\"\" size=\"20\" \/>\n\t\t\t<\/p><p class=\"login-remember\"><label><input name=\"rememberme\" type=\"checkbox\" id=\"rememberme\" value=\"forever\" \/> Manter sess\u00e3o<\/label><\/p><p class=\"login-submit\">\n\t\t\t\t<input type=\"submit\" name=\"wp-submit\" id=\"wp-submit\" class=\"button button-primary\" value=\"Iniciar sess\u00e3o\" \/>\n\t\t\t\t<input type=\"hidden\" name=\"redirect_to\" value=\"https:\/\/predio.cv\/index.php\/wp-json\/wp\/v2\/pages\/5832\" \/>\n\t\t\t<\/p><\/form><\/div><\/div>","_links":{"self":[{"href":"https:\/\/predio.cv\/index.php\/wp-json\/wp\/v2\/pages\/5832"}],"collection":[{"href":"https:\/\/predio.cv\/index.php\/wp-json\/wp\/v2\/pages"}],"about":[{"href":"https:\/\/predio.cv\/index.php\/wp-json\/wp\/v2\/types\/page"}],"author":[{"embeddable":true,"href":"https:\/\/predio.cv\/index.php\/wp-json\/wp\/v2\/users\/1"}],"replies":[{"embeddable":true,"href":"https:\/\/predio.cv\/index.php\/wp-json\/wp\/v2\/comments?post=5832"}],"version-history":[{"count":14,"href":"https:\/\/predio.cv\/index.php\/wp-json\/wp\/v2\/pages\/5832\/revisions"}],"predecessor-version":[{"id":7122,"href":"https:\/\/predio.cv\/index.php\/wp-json\/wp\/v2\/pages\/5832\/revisions\/7122"}],"wp:attachment":[{"href":"https:\/\/predio.cv\/index.php\/wp-json\/wp\/v2\/media?parent=5832"}],"curies":[{"name":"wp","href":"https:\/\/api.w.org\/{rel}","templated":true}]}}